{"id":310,"date":"2022-09-29T11:52:52","date_gmt":"2022-09-29T11:52:52","guid":{"rendered":"https:\/\/revenant.uniri.hr\/?page_id=310"},"modified":"2025-02-18T12:47:23","modified_gmt":"2025-02-18T12:47:23","slug":"contacts","status":"publish","type":"page","link":"https:\/\/revenant.uniri.hr\/?page_id=310","title":{"rendered":"Contacts"},"content":{"rendered":"\n<h4 class=\"wp-block-heading has-text-align-center\" id=\"block-19318904-5006-458a-8dd5-7c749cb564dc\"><a href=\"https:\/\/cultstud.ffri.hr\/\" target=\"_blank\" rel=\"noreferrer noopener\">Department of Cultural Studies\u00a0<\/a><br><a href=\"https:\/\/ffri.uniri.hr\/\" target=\"_blank\" rel=\"noreferrer noopener\">Faculty of Humanities and Social Sciences<\/a><br><a href=\"https:\/\/uniri.hr\/en\/home\/\" target=\"_blank\" rel=\"noreferrer noopener\">University of Rijeka<\/a><br><br><a href=\"https:\/\/bsky.app\/profile\/revenantempires.bsky.social\" data-type=\"link\" data-id=\"https:\/\/bsky.app\/profile\/revenantempires.bsky.social\" target=\"_blank\" rel=\"noreferrer noopener\">REVENANT on Bluesky<br><\/a><a href=\"https:\/\/www.facebook.com\/RevenantRevivalsOfEmpire\" target=\"_blank\" rel=\"noreferrer noopener\">REVENANT on Facebook<\/a><br><br><br><br><\/h4>\n\n\n\n<p class=\"has-text-align-center has-large-font-size\" style=\"font-style:normal;font-weight:600\"><strong>The Project Team<\/strong><\/p>\n\n\n\n<p class=\"has-text-align-center\">Dr. Jeremy F. Walton, The Principal Investigator:<br>jeremy.walton@uniri.hr<br><br>Dr. Ivan Flis, Postdoctoral Researcher:<br>ivan.flis@uniri.hr<br><br>Dr. Kevin N. Kenjar, Postdoctoral Researcher:<br>kevin.kenjar@uniri.hr<br><br>Dr. Slaven Crni\u0107, Postdoctoral Researcher:<br>slaven.crnic@uniri.hr<br><br>Matea Magdi\u0107, Research Associate:<br>matea.magdic@uniri.hr<br><br>Magdalena M. Mea\u0161i\u0107, Research Associate:<br>magdalena.measic@uniri.hr<br><br>Goran Stani\u0107, Research Associate:<br>goran.stanic@uniri.hr<br><br>Adi Tufek, Research Associate:<br>adi.tufek@uniri.hr <br><br>Emanuela Erasmus, Project Manager:<br>emanuela.erasmus@uniri.hr <br><br><br><br><br><br><\/p>\n\n\n\n<div class=\"wp-block-columns are-vertically-aligned-center is-layout-flex wp-container-core-columns-is-layout-9d6595d7 wp-block-columns-is-layout-flex\">\n<div class=\"wp-block-column is-vertically-aligned-center is-layout-flow wp-block-column-is-layout-flow\" style=\"flex-basis:25%\"><div class=\"wp-block-image is-resized\">\n<figure class=\"aligncenter size-full\"><a href=\"https:\/\/uniri.hr\/en\/home\/\" target=\"_blank\" rel=\"noreferrer noopener\"><img loading=\"lazy\" decoding=\"async\" width=\"1014\" height=\"486\" src=\"https:\/\/revenant.uniri.hr\/wp-content\/uploads\/2022\/10\/str9_Osnovni_graficki_standardi_logotip_primarni.jpg\" alt=\"\" class=\"wp-image-441\" srcset=\"https:\/\/revenant.uniri.hr\/wp-content\/uploads\/2022\/10\/str9_Osnovni_graficki_standardi_logotip_primarni.jpg 1014w, https:\/\/revenant.uniri.hr\/wp-content\/uploads\/2022\/10\/str9_Osnovni_graficki_standardi_logotip_primarni-300x144.jpg 300w, https:\/\/revenant.uniri.hr\/wp-content\/uploads\/2022\/10\/str9_Osnovni_graficki_standardi_logotip_primarni-768x368.jpg 768w\" sizes=\"auto, (max-width: 767px) 89vw, (max-width: 1000px) 54vw, (max-width: 1071px) 543px, 580px\" \/><\/a><\/figure>\n<\/div><\/div>\n\n\n\n<div class=\"wp-block-column is-vertically-aligned-center is-layout-flow wp-block-column-is-layout-flow\" style=\"flex-basis:50%\"><div class=\"wp-block-image is-resized\">\n<figure class=\"aligncenter size-full\"><a href=\"https:\/\/ffri.uniri.hr\/\" target=\"_blank\" rel=\"noreferrer noopener\"><img loading=\"lazy\" decoding=\"async\" width=\"288\" height=\"512\" src=\"https:\/\/revenant.uniri.hr\/wp-content\/uploads\/2021\/12\/unnamed.png\" alt=\"\" class=\"wp-image-101\" style=\"width:97px;height:auto\" srcset=\"https:\/\/revenant.uniri.hr\/wp-content\/uploads\/2021\/12\/unnamed.png 288w, https:\/\/revenant.uniri.hr\/wp-content\/uploads\/2021\/12\/unnamed-169x300.png 169w\" sizes=\"auto, (max-width: 288px) 100vw, 288px\" \/><\/a><\/figure>\n<\/div><\/div>\n\n\n\n<div class=\"wp-block-column is-vertically-aligned-center is-layout-flow wp-block-column-is-layout-flow\" style=\"flex-basis:25%\"><div class=\"wp-block-image is-resized\">\n<figure class=\"aligncenter size-full\"><a href=\"https:\/\/cultstud.ffri.hr\/\" target=\"_blank\" rel=\"noreferrer noopener\"><img loading=\"lazy\" decoding=\"async\" width=\"332\" height=\"235\" src=\"https:\/\/revenant.uniri.hr\/wp-content\/uploads\/2024\/03\/kulturalni-novi-logo.png\" alt=\"\" class=\"wp-image-1202\" srcset=\"https:\/\/revenant.uniri.hr\/wp-content\/uploads\/2024\/03\/kulturalni-novi-logo.png 332w, https:\/\/revenant.uniri.hr\/wp-content\/uploads\/2024\/03\/kulturalni-novi-logo-300x212.png 300w\" sizes=\"auto, (max-width: 332px) 100vw, 332px\" \/><\/a><\/figure>\n<\/div><\/div>\n<\/div>\n\n\n<div class=\"wp-block-image\">\n<figure class=\"aligncenter size-large\"><a href=\"https:\/\/revenant.uniri.hr\/\"><img loading=\"lazy\" decoding=\"async\" width=\"1024\" height=\"576\" src=\"https:\/\/revenant.uniri.hr\/wp-content\/uploads\/2024\/03\/LOGO_main-1024x576.jpeg\" alt=\"\" class=\"wp-image-1198\" srcset=\"https:\/\/revenant.uniri.hr\/wp-content\/uploads\/2024\/03\/LOGO_main-1024x576.jpeg 1024w, https:\/\/revenant.uniri.hr\/wp-content\/uploads\/2024\/03\/LOGO_main-300x169.jpeg 300w, https:\/\/revenant.uniri.hr\/wp-content\/uploads\/2024\/03\/LOGO_main-768x432.jpeg 768w, https:\/\/revenant.uniri.hr\/wp-content\/uploads\/2024\/03\/LOGO_main-1536x864.jpeg 1536w, https:\/\/revenant.uniri.hr\/wp-content\/uploads\/2024\/03\/LOGO_main.jpeg 1600w\" sizes=\"auto, (max-width: 767px) 89vw, (max-width: 1000px) 54vw, (max-width: 1071px) 543px, 580px\" \/><\/a><\/figure>\n<\/div>\n\n<div class=\"wp-block-image is-resized\">\n<figure class=\"aligncenter size-large\"><a href=\"https:\/\/erc.europa.eu\/homepage\" target=\"_blank\" rel=\"noreferrer noopener\"><img loading=\"lazy\" decoding=\"async\" width=\"1024\" height=\"724\" src=\"https:\/\/revenant.uniri.hr\/wp-content\/uploads\/2022\/10\/LOGO_ERC-FLAG_EU_-1024x724.jpg\" alt=\"\" class=\"wp-image-378\" srcset=\"https:\/\/revenant.uniri.hr\/wp-content\/uploads\/2022\/10\/LOGO_ERC-FLAG_EU_-1024x724.jpg 1024w, https:\/\/revenant.uniri.hr\/wp-content\/uploads\/2022\/10\/LOGO_ERC-FLAG_EU_-300x212.jpg 300w, https:\/\/revenant.uniri.hr\/wp-content\/uploads\/2022\/10\/LOGO_ERC-FLAG_EU_-768x543.jpg 768w, https:\/\/revenant.uniri.hr\/wp-content\/uploads\/2022\/10\/LOGO_ERC-FLAG_EU_.jpg 1200w\" sizes=\"auto, (max-width: 767px) 89vw, (max-width: 1000px) 54vw, (max-width: 1071px) 543px, 580px\" \/><\/a><\/figure>\n<\/div>\n\n\n<p class=\"has-text-align-center has-medium-font-size\">This project has received funding from the European Research Council (ERC) under the European Union\u2019s Horizon 2020 research and innovation programme (Grant agreement No. #101002908).<\/p>\n","protected":false},"excerpt":{"rendered":"<p>Department of Cultural Studies\u00a0Faculty of Humanities and Social SciencesUniversity of Rijeka REVENANT on BlueskyREVENANT on Facebook The Project Team Dr. Jeremy F. Walton, The Principal Investigator:jeremy.walton@uniri.hr Dr. Ivan Flis, Postdoctoral Researcher:ivan.flis@uniri.hr Dr. Kevin N. Kenjar, Postdoctoral Researcher:kevin.kenjar@uniri.hr Dr. Slaven Crni\u0107, Postdoctoral Researcher:slaven.crnic@uniri.hr Matea Magdi\u0107, Research Associate:matea.magdic@uniri.hr Magdalena M. Mea\u0161i\u0107, Research Associate:magdalena.measic@uniri.hr Goran Stani\u0107, Research Associate:goran.stanic@uniri.hr &hellip; <\/p>\n<p class=\"link-more\"><a href=\"https:\/\/revenant.uniri.hr\/?page_id=310\" class=\"more-link\">Continue reading<span class=\"screen-reader-text\"> &#8220;Contacts&#8221;<\/span><\/a><\/p>\n","protected":false},"author":4,"featured_media":432,"parent":0,"menu_order":0,"comment_status":"closed","ping_status":"closed","template":"","meta":{"footnotes":""},"class_list":["post-310","page","type-page","status-publish","has-post-thumbnail","hentry"],"_links":{"self":[{"href":"https:\/\/revenant.uniri.hr\/index.php?rest_route=\/wp\/v2\/pages\/310","targetHints":{"allow":["GET"]}}],"collection":[{"href":"https:\/\/revenant.uniri.hr\/index.php?rest_route=\/wp\/v2\/pages"}],"about":[{"href":"https:\/\/revenant.uniri.hr\/index.php?rest_route=\/wp\/v2\/types\/page"}],"author":[{"embeddable":true,"href":"https:\/\/revenant.uniri.hr\/index.php?rest_route=\/wp\/v2\/users\/4"}],"replies":[{"embeddable":true,"href":"https:\/\/revenant.uniri.hr\/index.php?rest_route=%2Fwp%2Fv2%2Fcomments&post=310"}],"version-history":[{"count":28,"href":"https:\/\/revenant.uniri.hr\/index.php?rest_route=\/wp\/v2\/pages\/310\/revisions"}],"predecessor-version":[{"id":1344,"href":"https:\/\/revenant.uniri.hr\/index.php?rest_route=\/wp\/v2\/pages\/310\/revisions\/1344"}],"wp:featuredmedia":[{"embeddable":true,"href":"https:\/\/revenant.uniri.hr\/index.php?rest_route=\/wp\/v2\/media\/432"}],"wp:attachment":[{"href":"https:\/\/revenant.uniri.hr\/index.php?rest_route=%2Fwp%2Fv2%2Fmedia&parent=310"}],"curies":[{"name":"wp","href":"https:\/\/api.w.org\/{rel}","templated":true}]}}