{"id":285,"date":"2022-09-29T11:47:00","date_gmt":"2022-09-29T11:47:00","guid":{"rendered":"https:\/\/revenant.uniri.hr\/?page_id=285"},"modified":"2025-07-22T08:15:37","modified_gmt":"2025-07-22T08:15:37","slug":"project-team","status":"publish","type":"page","link":"https:\/\/revenant.uniri.hr\/?page_id=285","title":{"rendered":"The Project Team"},"content":{"rendered":"\n<p class=\"has-medium-font-size\">The REVENANT Project Team currently consists of eight members:<br><br>Jeremy F. Walton, as the principal investigator, project coordinator, advisor and researcher;<br>Ivan Flis, Kevin N. Kenjar, and Slaven Crni\u0107 as postdoctoral researchers;<br>Magdalena M. Mea\u0161i\u0107, Goran Stani\u0107, and Adi Tufek as research associates;<br>and Emanuela Erasmus as the project manager (administrator).<\/p>\n","protected":false},"excerpt":{"rendered":"<p>The REVENANT Project Team currently consists of eight members: Jeremy F. Walton, as the principal investigator, project coordinator, advisor and researcher;Ivan Flis, Kevin N. Kenjar, and Slaven Crni\u0107 as postdoctoral researchers;Magdalena M. Mea\u0161i\u0107, Goran Stani\u0107, and Adi Tufek as research associates;and Emanuela Erasmus as the project manager (administrator).<\/p>\n","protected":false},"author":4,"featured_media":515,"parent":0,"menu_order":0,"comment_status":"closed","ping_status":"closed","template":"","meta":{"footnotes":""},"class_list":["post-285","page","type-page","status-publish","has-post-thumbnail","hentry"],"_links":{"self":[{"href":"https:\/\/revenant.uniri.hr\/index.php?rest_route=\/wp\/v2\/pages\/285","targetHints":{"allow":["GET"]}}],"collection":[{"href":"https:\/\/revenant.uniri.hr\/index.php?rest_route=\/wp\/v2\/pages"}],"about":[{"href":"https:\/\/revenant.uniri.hr\/index.php?rest_route=\/wp\/v2\/types\/page"}],"author":[{"embeddable":true,"href":"https:\/\/revenant.uniri.hr\/index.php?rest_route=\/wp\/v2\/users\/4"}],"replies":[{"embeddable":true,"href":"https:\/\/revenant.uniri.hr\/index.php?rest_route=%2Fwp%2Fv2%2Fcomments&post=285"}],"version-history":[{"count":9,"href":"https:\/\/revenant.uniri.hr\/index.php?rest_route=\/wp\/v2\/pages\/285\/revisions"}],"predecessor-version":[{"id":1368,"href":"https:\/\/revenant.uniri.hr\/index.php?rest_route=\/wp\/v2\/pages\/285\/revisions\/1368"}],"wp:featuredmedia":[{"embeddable":true,"href":"https:\/\/revenant.uniri.hr\/index.php?rest_route=\/wp\/v2\/media\/515"}],"wp:attachment":[{"href":"https:\/\/revenant.uniri.hr\/index.php?rest_route=%2Fwp%2Fv2%2Fmedia&parent=285"}],"curies":[{"name":"wp","href":"https:\/\/api.w.org\/{rel}","templated":true}]}}